{"id":307,"date":"2025-07-21T10:22:49","date_gmt":"2025-07-21T10:22:49","guid":{"rendered":"https:\/\/dolomitisporthotel.it\/?page_id=307"},"modified":"2025-07-21T10:37:49","modified_gmt":"2025-07-21T10:37:49","slug":"offerte-dolomiti-sport-hotel-san-vito-di-cadore","status":"publish","type":"page","link":"https:\/\/dolomitisporthotel.it\/de\/offerte-dolomiti-sport-hotel-san-vito-di-cadore\/","title":{"rendered":"Angebote - Dolomiti Sport Hotel - San Vito di Cadore"},"content":{"rendered":"<div data-elementor-type=\"wp-page\" data-elementor-id=\"307\" class=\"elementor elementor-307\" data-elementor-post-type=\"page\">\n\t\t\t\t<div class=\"elementor-element elementor-element-5a0a4e5 e-flex e-con-boxed e-con e-parent\" data-id=\"5a0a4e5\" data-element_type=\"container\" data-e-type=\"container\" data-settings=\"{&quot;background_background&quot;:&quot;video&quot;,&quot;background_video_link&quot;:&quot;https:\\\/\\\/dolomitisporthotel.it\\\/wp-content\\\/uploads\\\/2025\\\/07\\\/dolomiti_esterni-2.mp4&quot;,&quot;background_play_on_mobile&quot;:&quot;yes&quot;,&quot;background_video_end&quot;:33}\">\n\t\t\t\t\t<div class=\"e-con-inner\">\n\t\t<div class=\"elementor-background-video-container\">\n\t\t\t\t\t\t\t<video class=\"elementor-background-video-hosted\" role=\"presentation\" autoplay muted playsinline loop><\/video>\n\t\t\t\t\t<\/div>\t\t<div class=\"elementor-element elementor-element-ad6ebb6 elementor-widget elementor-widget-heading\" data-id=\"ad6ebb6\" data-element_type=\"widget\" data-e-type=\"widget\" data-widget_type=\"heading.default\">\n\t\t\t\t\t<h2 class=\"elementor-heading-title elementor-size-default\">ANGEBOTE<\/h2>\t\t\t\t<\/div>\n\t\t\t\t<div class=\"elementor-element elementor-element-26ddc37 elementor-hidden-mobile elementor-widget elementor-widget-text-editor\" data-id=\"26ddc37\" data-element_type=\"widget\" data-e-type=\"widget\" data-widget_type=\"text-editor.default\">\n\t\t\t\t\t\t\t\t\t<p class=\"p1\">Entdecken Sie Sonderangebote und sparen Sie!<\/p>\t\t\t\t\t\t\t\t<\/div>\n\t\t\t\t<div class=\"elementor-element elementor-element-3e3a74c elementor-align-center elementor-widget__width-auto elementor-widget elementor-widget-button\" data-id=\"3e3a74c\" data-element_type=\"widget\" data-e-type=\"widget\" data-widget_type=\"button.default\">\n\t\t\t\t\t\t\t\t\t\t<a class=\"elementor-button elementor-button-link elementor-size-sm\" href=\"#scopri\">\n\t\t\t\t\t\t<span class=\"elementor-button-content-wrapper\">\n\t\t\t\t\t\t\t\t\t<span class=\"elementor-button-text\">Mehr erfahren<\/span>\n\t\t\t\t\t<\/span>\n\t\t\t\t\t<\/a>\n\t\t\t\t\t\t\t\t<\/div>\n\t\t\t\t\t<\/div>\n\t\t\t\t<\/div>\n\t\t\t\t<section class=\"elementor-section elementor-top-section elementor-element elementor-element-f8755b8 elementor-section-height-min-height elementor-section-content-middle elementor-section-items-stretch elementor-reverse-mobile elementor-section-full_width elementor-section-height-default\" data-id=\"f8755b8\" data-element_type=\"section\" data-e-type=\"section\" id=\"scopri\" data-settings=\"{&quot;background_background&quot;:&quot;classic&quot;}\">\n\t\t\t\t\t\t<div class=\"elementor-container elementor-column-gap-no\">\n\t\t\t\t\t<div class=\"elementor-column elementor-col-50 elementor-top-column elementor-element elementor-element-4b05f2b\" data-id=\"4b05f2b\" data-element_type=\"column\" data-e-type=\"column\" data-settings=\"{&quot;background_background&quot;:&quot;classic&quot;}\">\n\t\t\t<div class=\"elementor-widget-wrap elementor-element-populated\">\n\t\t\t\t\t\t<div class=\"elementor-element elementor-element-5e34ebb elementor-widget elementor-widget-spacer\" data-id=\"5e34ebb\" data-element_type=\"widget\" data-e-type=\"widget\" data-widget_type=\"spacer.default\">\n\t\t\t\t\t\t\t<div class=\"elementor-spacer\">\n\t\t\t<div class=\"elementor-spacer-inner\"><\/div>\n\t\t<\/div>\n\t\t\t\t\t\t<\/div>\n\t\t\t\t\t<\/div>\n\t\t<\/div>\n\t\t\t\t<div class=\"elementor-column elementor-col-50 elementor-top-column elementor-element elementor-element-b7eb514\" data-id=\"b7eb514\" data-element_type=\"column\" data-e-type=\"column\" data-settings=\"{&quot;background_background&quot;:&quot;classic&quot;}\">\n\t\t\t<div class=\"elementor-widget-wrap elementor-element-populated\">\n\t\t\t\t\t\t<div class=\"elementor-element elementor-element-cf46539 elementor-widget elementor-widget-heading\" data-id=\"cf46539\" data-element_type=\"widget\" data-e-type=\"widget\" data-widget_type=\"heading.default\">\n\t\t\t\t\t<h2 class=\"elementor-heading-title elementor-size-large\">LANGER AUFENTHALT<\/h2>\t\t\t\t<\/div>\n\t\t\t\t<div class=\"elementor-element elementor-element-429cb2d elementor-widget elementor-widget-heading\" data-id=\"429cb2d\" data-element_type=\"widget\" data-e-type=\"widget\" data-widget_type=\"heading.default\">\n\t\t\t\t\t<h2 class=\"elementor-heading-title elementor-size-large\">-10% (mindestens 7 Tage)<\/h2>\t\t\t\t<\/div>\n\t\t\t\t<div class=\"elementor-element elementor-element-411bf87 elementor-widget elementor-widget-text-editor\" data-id=\"411bf87\" data-element_type=\"widget\" data-e-type=\"widget\" data-widget_type=\"text-editor.default\">\n\t\t\t\t\t\t\t\t\t<p>Je l\u00e4nger Sie bleiben, desto mehr sparen Sie!<br \/>Entscheiden Sie sich daf\u00fcr, die Dolomiten l\u00e4nger zu erleben: bei einem Aufenthalt von mindestens 7 N\u00e4chten reservieren wir einen Rabatt von 10% auf unseren besten Preis. Genie\u00dfen Sie so viel Zeit, wie Sie wollen: mehr Tage bedeuten mehr Ausfl\u00fcge, mehr Ausblicke und mehr Momente der Entspannung. Auch mit dieser Formel haben Sie die Freiheit, Ihre Buchung zu \u00e4ndern oder zu stornieren, ohne sich Sorgen zu machen.<\/p>\t\t\t\t\t\t\t\t<\/div>\n\t\t\t\t<div class=\"elementor-element elementor-element-444e04c elementor-align-center elementor-widget__width-auto elementor-widget elementor-widget-button\" data-id=\"444e04c\" data-element_type=\"widget\" data-e-type=\"widget\" data-widget_type=\"button.default\">\n\t\t\t\t\t\t\t\t\t\t<a class=\"elementor-button elementor-button-link elementor-size-sm\" href=\"https:\/\/www.simplebooking.it\/ibe2\/hotel\/10811?lang=IT&#038;cur=EUR\" target=\"_blank\">\n\t\t\t\t\t\t<span class=\"elementor-button-content-wrapper\">\n\t\t\t\t\t\t\t\t\t<span class=\"elementor-button-text\">ANGEBOT SEHEN<\/span>\n\t\t\t\t\t<\/span>\n\t\t\t\t\t<\/a>\n\t\t\t\t\t\t\t\t<\/div>\n\t\t\t\t\t<\/div>\n\t\t<\/div>\n\t\t\t\t\t<\/div>\n\t\t<\/section>\n\t\t\t\t<section class=\"elementor-section elementor-top-section elementor-element elementor-element-56ccfc2 elementor-section-height-min-height elementor-section-content-middle elementor-section-items-stretch elementor-reverse-mobile elementor-section-full_width elementor-section-height-default\" data-id=\"56ccfc2\" data-element_type=\"section\" data-e-type=\"section\" data-settings=\"{&quot;background_background&quot;:&quot;classic&quot;}\">\n\t\t\t\t\t\t<div class=\"elementor-container elementor-column-gap-no\">\n\t\t\t\t\t<div class=\"elementor-column elementor-col-50 elementor-top-column elementor-element elementor-element-3e45ba7\" data-id=\"3e45ba7\" data-element_type=\"column\" data-e-type=\"column\" data-settings=\"{&quot;background_background&quot;:&quot;classic&quot;}\">\n\t\t\t<div class=\"elementor-widget-wrap elementor-element-populated\">\n\t\t\t\t\t\t<div class=\"elementor-element elementor-element-b2e93d9 elementor-widget elementor-widget-heading\" data-id=\"b2e93d9\" data-element_type=\"widget\" data-e-type=\"widget\" data-widget_type=\"heading.default\">\n\t\t\t\t\t<h2 class=\"elementor-heading-title elementor-size-large\">FR\u00dcHBUCHUNG<\/h2>\t\t\t\t<\/div>\n\t\t\t\t<div class=\"elementor-element elementor-element-0f21287 elementor-widget elementor-widget-heading\" data-id=\"0f21287\" data-element_type=\"widget\" data-e-type=\"widget\" data-widget_type=\"heading.default\">\n\t\t\t\t\t<h2 class=\"elementor-heading-title elementor-size-large\">-10% (IM VORAUS BUCHEN)<\/h2>\t\t\t\t<\/div>\n\t\t\t\t<div class=\"elementor-element elementor-element-72fc57f elementor-widget elementor-widget-text-editor\" data-id=\"72fc57f\" data-element_type=\"widget\" data-e-type=\"widget\" data-widget_type=\"text-editor.default\">\n\t\t\t\t\t\t\t\t\t<p>Vorbestellen lohnt sich!<br \/>Wissen Sie schon, wann Sie uns besuchen wollen? Dann nutzen Sie unser Fr\u00fchbucherangebot: Wenn Sie mindestens 30 Tage im Voraus buchen, erhalten Sie sofort einen Rabatt von 10% auf unseren besten Tarif.<br \/>Garantierte Flexibilit\u00e4t, einmalige Aussichten und das gute Gef\u00fchl, dass Ihr n\u00e4chster Urlaub in den Dolomiten bereits Realit\u00e4t ist.<\/p>\t\t\t\t\t\t\t\t<\/div>\n\t\t\t\t<div class=\"elementor-element elementor-element-65e0b92 elementor-align-center elementor-widget__width-auto elementor-widget elementor-widget-button\" data-id=\"65e0b92\" data-element_type=\"widget\" data-e-type=\"widget\" data-widget_type=\"button.default\">\n\t\t\t\t\t\t\t\t\t\t<a class=\"elementor-button elementor-button-link elementor-size-sm\" href=\"https:\/\/www.simplebooking.it\/ibe2\/hotel\/10811?lang=IT&#038;cur=EUR\" target=\"_blank\">\n\t\t\t\t\t\t<span class=\"elementor-button-content-wrapper\">\n\t\t\t\t\t\t\t\t\t<span class=\"elementor-button-text\">ANGEBOT SEHEN<\/span>\n\t\t\t\t\t<\/span>\n\t\t\t\t\t<\/a>\n\t\t\t\t\t\t\t\t<\/div>\n\t\t\t\t\t<\/div>\n\t\t<\/div>\n\t\t\t\t<div class=\"elementor-column elementor-col-50 elementor-top-column elementor-element elementor-element-412c54b\" data-id=\"412c54b\" data-element_type=\"column\" data-e-type=\"column\" data-settings=\"{&quot;background_background&quot;:&quot;classic&quot;}\">\n\t\t\t<div class=\"elementor-widget-wrap elementor-element-populated\">\n\t\t\t\t\t\t<div class=\"elementor-element elementor-element-464874a elementor-widget elementor-widget-spacer\" data-id=\"464874a\" data-element_type=\"widget\" data-e-type=\"widget\" data-widget_type=\"spacer.default\">\n\t\t\t\t\t\t\t<div class=\"elementor-spacer\">\n\t\t\t<div class=\"elementor-spacer-inner\"><\/div>\n\t\t<\/div>\n\t\t\t\t\t\t<\/div>\n\t\t\t\t\t<\/div>\n\t\t<\/div>\n\t\t\t\t\t<\/div>\n\t\t<\/section>\n\t\t\t\t<\/div>","protected":false},"excerpt":{"rendered":"<p>OFFERTE Scopri le promozioni e risparmia! Scopri di pi\u00f9 LONG STAY -10% (minimo 7 giorni) Pi\u00f9 resti, pi\u00f9 risparmi!Scegli di vivere le Dolomiti pi\u00f9 a lungo: con un soggiorno di almeno 7 notti ti riserviamo uno sconto del 10% sulla nostra miglior tariffa. Goditi tutto il tempo che desideri: pi\u00f9 giorni a disposizione significano pi\u00f9 [&hellip;]<\/p>\n","protected":false},"author":1,"featured_media":19,"parent":0,"menu_order":0,"comment_status":"closed","ping_status":"closed","template":"elementor_header_footer","meta":{"footnotes":""},"class_list":["post-307","page","type-page","status-publish","has-post-thumbnail","hentry"],"_links":{"self":[{"href":"https:\/\/dolomitisporthotel.it\/de\/wp-json\/wp\/v2\/pages\/307","targetHints":{"allow":["GET"]}}],"collection":[{"href":"https:\/\/dolomitisporthotel.it\/de\/wp-json\/wp\/v2\/pages"}],"about":[{"href":"https:\/\/dolomitisporthotel.it\/de\/wp-json\/wp\/v2\/types\/page"}],"author":[{"embeddable":true,"href":"https:\/\/dolomitisporthotel.it\/de\/wp-json\/wp\/v2\/users\/1"}],"replies":[{"embeddable":true,"href":"https:\/\/dolomitisporthotel.it\/de\/wp-json\/wp\/v2\/comments?post=307"}],"version-history":[{"count":7,"href":"https:\/\/dolomitisporthotel.it\/de\/wp-json\/wp\/v2\/pages\/307\/revisions"}],"predecessor-version":[{"id":314,"href":"https:\/\/dolomitisporthotel.it\/de\/wp-json\/wp\/v2\/pages\/307\/revisions\/314"}],"wp:featuredmedia":[{"embeddable":true,"href":"https:\/\/dolomitisporthotel.it\/de\/wp-json\/wp\/v2\/media\/19"}],"wp:attachment":[{"href":"https:\/\/dolomitisporthotel.it\/de\/wp-json\/wp\/v2\/media?parent=307"}],"curies":[{"name":"wp","href":"https:\/\/api.w.org\/{rel}","templated":true}]}}