{"id":307,"date":"2025-07-21T10:22:49","date_gmt":"2025-07-21T10:22:49","guid":{"rendered":"https:\/\/dolomitisporthotel.it\/?page_id=307"},"modified":"2025-07-21T10:37:49","modified_gmt":"2025-07-21T10:37:49","slug":"offerte-dolomiti-sport-hotel-san-vito-di-cadore","status":"publish","type":"page","link":"https:\/\/dolomitisporthotel.it\/pl\/offerte-dolomiti-sport-hotel-san-vito-di-cadore\/","title":{"rendered":"Oferty - Dolomiti Sport Hotel - San Vito di Cadore"},"content":{"rendered":"<div data-elementor-type=\"wp-page\" data-elementor-id=\"307\" class=\"elementor elementor-307\" data-elementor-post-type=\"page\">\n\t\t\t\t<div class=\"elementor-element elementor-element-5a0a4e5 e-flex e-con-boxed e-con e-parent\" data-id=\"5a0a4e5\" data-element_type=\"container\" data-e-type=\"container\" data-settings=\"{&quot;background_background&quot;:&quot;video&quot;,&quot;background_video_link&quot;:&quot;https:\\\/\\\/dolomitisporthotel.it\\\/wp-content\\\/uploads\\\/2025\\\/07\\\/dolomiti_esterni-2.mp4&quot;,&quot;background_play_on_mobile&quot;:&quot;yes&quot;,&quot;background_video_end&quot;:33}\">\n\t\t\t\t\t<div class=\"e-con-inner\">\n\t\t<div class=\"elementor-background-video-container\">\n\t\t\t\t\t\t\t<video class=\"elementor-background-video-hosted\" role=\"presentation\" autoplay muted playsinline loop><\/video>\n\t\t\t\t\t<\/div>\t\t<div class=\"elementor-element elementor-element-ad6ebb6 elementor-widget elementor-widget-heading\" data-id=\"ad6ebb6\" data-element_type=\"widget\" data-e-type=\"widget\" data-widget_type=\"heading.default\">\n\t\t\t\t\t<h2 class=\"elementor-heading-title elementor-size-default\">OFERTY<\/h2>\t\t\t\t<\/div>\n\t\t\t\t<div class=\"elementor-element elementor-element-26ddc37 elementor-hidden-mobile elementor-widget elementor-widget-text-editor\" data-id=\"26ddc37\" data-element_type=\"widget\" data-e-type=\"widget\" data-widget_type=\"text-editor.default\">\n\t\t\t\t\t\t\t\t\t<p class=\"p1\">Odkryj promocje i oszcz\u0119dzaj!<\/p>\t\t\t\t\t\t\t\t<\/div>\n\t\t\t\t<div class=\"elementor-element elementor-element-3e3a74c elementor-align-center elementor-widget__width-auto elementor-widget elementor-widget-button\" data-id=\"3e3a74c\" data-element_type=\"widget\" data-e-type=\"widget\" data-widget_type=\"button.default\">\n\t\t\t\t\t\t\t\t\t\t<a class=\"elementor-button elementor-button-link elementor-size-sm\" href=\"#scopri\">\n\t\t\t\t\t\t<span class=\"elementor-button-content-wrapper\">\n\t\t\t\t\t\t\t\t\t<span class=\"elementor-button-text\">Dowiedz si\u0119 wi\u0119cej<\/span>\n\t\t\t\t\t<\/span>\n\t\t\t\t\t<\/a>\n\t\t\t\t\t\t\t\t<\/div>\n\t\t\t\t\t<\/div>\n\t\t\t\t<\/div>\n\t\t\t\t<section class=\"elementor-section elementor-top-section elementor-element elementor-element-f8755b8 elementor-section-height-min-height elementor-section-content-middle elementor-section-items-stretch elementor-reverse-mobile elementor-section-full_width elementor-section-height-default\" data-id=\"f8755b8\" data-element_type=\"section\" data-e-type=\"section\" id=\"scopri\" data-settings=\"{&quot;background_background&quot;:&quot;classic&quot;}\">\n\t\t\t\t\t\t<div class=\"elementor-container elementor-column-gap-no\">\n\t\t\t\t\t<div class=\"elementor-column elementor-col-50 elementor-top-column elementor-element elementor-element-4b05f2b\" data-id=\"4b05f2b\" data-element_type=\"column\" data-e-type=\"column\" data-settings=\"{&quot;background_background&quot;:&quot;classic&quot;}\">\n\t\t\t<div class=\"elementor-widget-wrap elementor-element-populated\">\n\t\t\t\t\t\t<div class=\"elementor-element elementor-element-5e34ebb elementor-widget elementor-widget-spacer\" data-id=\"5e34ebb\" data-element_type=\"widget\" data-e-type=\"widget\" data-widget_type=\"spacer.default\">\n\t\t\t\t\t\t\t<div class=\"elementor-spacer\">\n\t\t\t<div class=\"elementor-spacer-inner\"><\/div>\n\t\t<\/div>\n\t\t\t\t\t\t<\/div>\n\t\t\t\t\t<\/div>\n\t\t<\/div>\n\t\t\t\t<div class=\"elementor-column elementor-col-50 elementor-top-column elementor-element elementor-element-b7eb514\" data-id=\"b7eb514\" data-element_type=\"column\" data-e-type=\"column\" data-settings=\"{&quot;background_background&quot;:&quot;classic&quot;}\">\n\t\t\t<div class=\"elementor-widget-wrap elementor-element-populated\">\n\t\t\t\t\t\t<div class=\"elementor-element elementor-element-cf46539 elementor-widget elementor-widget-heading\" data-id=\"cf46539\" data-element_type=\"widget\" data-e-type=\"widget\" data-widget_type=\"heading.default\">\n\t\t\t\t\t<h2 class=\"elementor-heading-title elementor-size-large\">D\u0141UGI POBYT<\/h2>\t\t\t\t<\/div>\n\t\t\t\t<div class=\"elementor-element elementor-element-429cb2d elementor-widget elementor-widget-heading\" data-id=\"429cb2d\" data-element_type=\"widget\" data-e-type=\"widget\" data-widget_type=\"heading.default\">\n\t\t\t\t\t<h2 class=\"elementor-heading-title elementor-size-large\">-10% (minimum 7 dni)<\/h2>\t\t\t\t<\/div>\n\t\t\t\t<div class=\"elementor-element elementor-element-411bf87 elementor-widget elementor-widget-text-editor\" data-id=\"411bf87\" data-element_type=\"widget\" data-e-type=\"widget\" data-widget_type=\"text-editor.default\">\n\t\t\t\t\t\t\t\t\t<p>Im d\u0142u\u017cszy pobyt, tym wi\u0119ksze oszcz\u0119dno\u015bci!<br \/>Wybierz d\u0142u\u017csze do\u015bwiadczenie Dolomit\u00f3w: przy pobycie na co najmniej 7 nocy rezerwujemy zni\u017ck\u0119 w wysoko\u015bci 10% od naszej najlepszej ceny. Ciesz si\u0119 czasem, kt\u00f3ry chcesz: wi\u0119cej dni oznacza wi\u0119cej wycieczek, wi\u0119cej widok\u00f3w do podziwiania i wi\u0119cej chwil relaksu. Nawet przy tej formule masz swobod\u0119 zmiany lub anulowania rezerwacji bez \u017cadnych zmartwie\u0144.<\/p>\t\t\t\t\t\t\t\t<\/div>\n\t\t\t\t<div class=\"elementor-element elementor-element-444e04c elementor-align-center elementor-widget__width-auto elementor-widget elementor-widget-button\" data-id=\"444e04c\" data-element_type=\"widget\" data-e-type=\"widget\" data-widget_type=\"button.default\">\n\t\t\t\t\t\t\t\t\t\t<a class=\"elementor-button elementor-button-link elementor-size-sm\" href=\"https:\/\/www.simplebooking.it\/ibe2\/hotel\/10811?lang=IT&#038;cur=EUR\" target=\"_blank\">\n\t\t\t\t\t\t<span class=\"elementor-button-content-wrapper\">\n\t\t\t\t\t\t\t\t\t<span class=\"elementor-button-text\">ZOBACZ OFERT\u0118<\/span>\n\t\t\t\t\t<\/span>\n\t\t\t\t\t<\/a>\n\t\t\t\t\t\t\t\t<\/div>\n\t\t\t\t\t<\/div>\n\t\t<\/div>\n\t\t\t\t\t<\/div>\n\t\t<\/section>\n\t\t\t\t<section class=\"elementor-section elementor-top-section elementor-element elementor-element-56ccfc2 elementor-section-height-min-height elementor-section-content-middle elementor-section-items-stretch elementor-reverse-mobile elementor-section-full_width elementor-section-height-default\" data-id=\"56ccfc2\" data-element_type=\"section\" data-e-type=\"section\" data-settings=\"{&quot;background_background&quot;:&quot;classic&quot;}\">\n\t\t\t\t\t\t<div class=\"elementor-container elementor-column-gap-no\">\n\t\t\t\t\t<div class=\"elementor-column elementor-col-50 elementor-top-column elementor-element elementor-element-3e45ba7\" data-id=\"3e45ba7\" data-element_type=\"column\" data-e-type=\"column\" data-settings=\"{&quot;background_background&quot;:&quot;classic&quot;}\">\n\t\t\t<div class=\"elementor-widget-wrap elementor-element-populated\">\n\t\t\t\t\t\t<div class=\"elementor-element elementor-element-b2e93d9 elementor-widget elementor-widget-heading\" data-id=\"b2e93d9\" data-element_type=\"widget\" data-e-type=\"widget\" data-widget_type=\"heading.default\">\n\t\t\t\t\t<h2 class=\"elementor-heading-title elementor-size-large\">WCZESNA REZERWACJA<\/h2>\t\t\t\t<\/div>\n\t\t\t\t<div class=\"elementor-element elementor-element-0f21287 elementor-widget elementor-widget-heading\" data-id=\"0f21287\" data-element_type=\"widget\" data-e-type=\"widget\" data-widget_type=\"heading.default\">\n\t\t\t\t\t<h2 class=\"elementor-heading-title elementor-size-large\">-10% (ZAREZERWUJ Z WYPRZEDZENIEM)<\/h2>\t\t\t\t<\/div>\n\t\t\t\t<div class=\"elementor-element elementor-element-72fc57f elementor-widget elementor-widget-text-editor\" data-id=\"72fc57f\" data-element_type=\"widget\" data-e-type=\"widget\" data-widget_type=\"text-editor.default\">\n\t\t\t\t\t\t\t\t\t<p>Rezerwacja z wyprzedzeniem si\u0119 op\u0142aca!<br \/>Czy wiesz ju\u017c, kiedy chcesz nas odwiedzi\u0107? Skorzystaj z naszej oferty wczesnej rezerwacji: je\u015bli dokonasz rezerwacji z co najmniej 30-dniowym wyprzedzeniem, natychmiast otrzymasz zni\u017ck\u0119 w wysoko\u015bci 10% od naszej najlepszej ceny.<br \/>Gwarantowana elastyczno\u015b\u0107, wyj\u0105tkowe widoki i dreszczyk emocji zwi\u0105zany ze \u015bwiadomo\u015bci\u0105, \u017ce nast\u0119pne wakacje w Dolomitach s\u0105 ju\u017c rzeczywisto\u015bci\u0105.<\/p>\t\t\t\t\t\t\t\t<\/div>\n\t\t\t\t<div class=\"elementor-element elementor-element-65e0b92 elementor-align-center elementor-widget__width-auto elementor-widget elementor-widget-button\" data-id=\"65e0b92\" data-element_type=\"widget\" data-e-type=\"widget\" data-widget_type=\"button.default\">\n\t\t\t\t\t\t\t\t\t\t<a class=\"elementor-button elementor-button-link elementor-size-sm\" href=\"https:\/\/www.simplebooking.it\/ibe2\/hotel\/10811?lang=IT&#038;cur=EUR\" target=\"_blank\">\n\t\t\t\t\t\t<span class=\"elementor-button-content-wrapper\">\n\t\t\t\t\t\t\t\t\t<span class=\"elementor-button-text\">ZOBACZ OFERT\u0118<\/span>\n\t\t\t\t\t<\/span>\n\t\t\t\t\t<\/a>\n\t\t\t\t\t\t\t\t<\/div>\n\t\t\t\t\t<\/div>\n\t\t<\/div>\n\t\t\t\t<div class=\"elementor-column elementor-col-50 elementor-top-column elementor-element elementor-element-412c54b\" data-id=\"412c54b\" data-element_type=\"column\" data-e-type=\"column\" data-settings=\"{&quot;background_background&quot;:&quot;classic&quot;}\">\n\t\t\t<div class=\"elementor-widget-wrap elementor-element-populated\">\n\t\t\t\t\t\t<div class=\"elementor-element elementor-element-464874a elementor-widget elementor-widget-spacer\" data-id=\"464874a\" data-element_type=\"widget\" data-e-type=\"widget\" data-widget_type=\"spacer.default\">\n\t\t\t\t\t\t\t<div class=\"elementor-spacer\">\n\t\t\t<div class=\"elementor-spacer-inner\"><\/div>\n\t\t<\/div>\n\t\t\t\t\t\t<\/div>\n\t\t\t\t\t<\/div>\n\t\t<\/div>\n\t\t\t\t\t<\/div>\n\t\t<\/section>\n\t\t\t\t<\/div>","protected":false},"excerpt":{"rendered":"<p>OFFERTE Scopri le promozioni e risparmia! Scopri di pi\u00f9 LONG STAY -10% (minimo 7 giorni) Pi\u00f9 resti, pi\u00f9 risparmi!Scegli di vivere le Dolomiti pi\u00f9 a lungo: con un soggiorno di almeno 7 notti ti riserviamo uno sconto del 10% sulla nostra miglior tariffa. Goditi tutto il tempo che desideri: pi\u00f9 giorni a disposizione significano pi\u00f9 [&hellip;]<\/p>\n","protected":false},"author":1,"featured_media":19,"parent":0,"menu_order":0,"comment_status":"closed","ping_status":"closed","template":"elementor_header_footer","meta":{"footnotes":""},"class_list":["post-307","page","type-page","status-publish","has-post-thumbnail","hentry"],"_links":{"self":[{"href":"https:\/\/dolomitisporthotel.it\/pl\/wp-json\/wp\/v2\/pages\/307","targetHints":{"allow":["GET"]}}],"collection":[{"href":"https:\/\/dolomitisporthotel.it\/pl\/wp-json\/wp\/v2\/pages"}],"about":[{"href":"https:\/\/dolomitisporthotel.it\/pl\/wp-json\/wp\/v2\/types\/page"}],"author":[{"embeddable":true,"href":"https:\/\/dolomitisporthotel.it\/pl\/wp-json\/wp\/v2\/users\/1"}],"replies":[{"embeddable":true,"href":"https:\/\/dolomitisporthotel.it\/pl\/wp-json\/wp\/v2\/comments?post=307"}],"version-history":[{"count":7,"href":"https:\/\/dolomitisporthotel.it\/pl\/wp-json\/wp\/v2\/pages\/307\/revisions"}],"predecessor-version":[{"id":314,"href":"https:\/\/dolomitisporthotel.it\/pl\/wp-json\/wp\/v2\/pages\/307\/revisions\/314"}],"wp:featuredmedia":[{"embeddable":true,"href":"https:\/\/dolomitisporthotel.it\/pl\/wp-json\/wp\/v2\/media\/19"}],"wp:attachment":[{"href":"https:\/\/dolomitisporthotel.it\/pl\/wp-json\/wp\/v2\/media?parent=307"}],"curies":[{"name":"wp","href":"https:\/\/api.w.org\/{rel}","templated":true}]}}